{"id":11587,"date":"2022-02-17T09:27:51","date_gmt":"2022-02-17T08:27:51","guid":{"rendered":"http:\/\/arosa-duesseldorf.de.w01ccf7c.kasserver.com\/buchen\/"},"modified":"2023-05-26T13:27:19","modified_gmt":"2023-05-26T13:27:19","slug":"booking","status":"publish","type":"page","link":"https:\/\/arosa-duesseldorf.de\/en\/booking\/","title":{"rendered":"Booking"},"content":{"rendered":"<div  class='hr av-av_hr-91d7ccd583a503147498e120fee2ff9b hr-default  avia-builder-el-0  el_before_av_one_fourth  avia-builder-el-first  '><span class='hr-inner '><span class=\"hr-inner-style\"><\/span><\/span><\/div>\n<div class='flex_column av-av_one_fourth-d846867a37b468541bc8830743d44203 av_one_fourth  avia-builder-el-1  el_after_av_hr  el_before_av_three_fourth  first flex_column_div '   ><style type=\"text\/css\" id=\"style-css-av-li4lhpt8-dd9c4856af2b2306677a03fea7d7c542\">\n#top .av-special-heading.av-li4lhpt8-dd9c4856af2b2306677a03fea7d7c542{\npadding-bottom:10px;\n}\n<\/style>\n<div  class='av-special-heading av-li4lhpt8-dd9c4856af2b2306677a03fea7d7c542 av-special-heading-h1  avia-builder-el-2  avia-builder-el-no-sibling  '><h1 class='av-special-heading-tag '  itemprop=\"headline\"  >Hotel Arosa &#8211; Centrally located in D\u00fcsseldorf Oberkassel<\/h1><div class='special-heading-border'><div class='special-heading-inner-border'><\/div><\/div><\/div><\/div><div class='flex_column av-av_three_fourth-337486787960716147ecfb4074cb91c6 av_three_fourth  avia-builder-el-3  el_after_av_one_fourth  el_before_av_section  avia-builder-el-last  flex_column_div '   ><style type=\"text\/css\" id=\"style-css-av-li4liyvn-711225188ed661b70eb1fce7f99a11e7\">\n#top .av-special-heading.av-li4liyvn-711225188ed661b70eb1fce7f99a11e7{\npadding-bottom:10px;\n}\n<\/style>\n<div  class='av-special-heading av-li4liyvn-711225188ed661b70eb1fce7f99a11e7 av-special-heading-h2  avia-builder-el-4  avia-builder-el-no-sibling  '><h2 class='av-special-heading-tag '  itemprop=\"headline\"  >Book now!<\/h2><div class='special-heading-border'><div class='special-heading-inner-border'><\/div><\/div><\/div><\/div><\/div><\/div><\/div><!-- close content main div --><\/div><\/div><div id='av_section_1'  class='avia-section av-kzr2vsyi-224909d216beed3275fa19881915c9ed main_color avia-section-default avia-no-border-styling  avia-builder-el-5  el_after_av_three_fourth  avia-builder-el-last  avia-bg-style-scroll  av-minimum-height av-minimum-height-75  container_wrap fullsize'   data-av_minimum_height_pc='75'><div class='container av-section-cont-open' ><div class='template-page content  av-content-full alpha units'><div class='post-entry post-entry-type-page post-entry-11587'><div class='entry-content-wrapper clearfix'>\n\n<\/p>\n","protected":false},"excerpt":{"rendered":"","protected":false},"author":4,"featured_media":11511,"parent":0,"menu_order":0,"comment_status":"closed","ping_status":"closed","template":"","meta":{"footnotes":""},"class_list":["post-11587","page","type-page","status-publish","has-post-thumbnail","hentry"],"yoast_head":"<!-- This site is optimized with the Yoast SEO plugin v27.3 - https:\/\/yoast.com\/product\/yoast-seo-wordpress\/ -->\n<title>Book your hotel room now | Hotel Arosa D\u00fcsseldorf<\/title>\n<meta name=\"description\" content=\"Book rooms online now easily &amp; securely at our centrally located Hotel Arosa in D\u00fcsseldorf. We look forward to seeing you!\" \/>\n<meta name=\"robots\" content=\"index, follow, max-snippet:-1, max-image-preview:large, max-video-preview:-1\" \/>\n<link rel=\"canonical\" href=\"https:\/\/arosa-duesseldorf.de\/en\/booking\/\" \/>\n<meta property=\"og:locale\" content=\"en_US\" \/>\n<meta property=\"og:type\" content=\"article\" \/>\n<meta property=\"og:title\" content=\"Book your hotel room now | Hotel Arosa D\u00fcsseldorf\" \/>\n<meta property=\"og:description\" content=\"Book rooms online now easily &amp; securely at our centrally located Hotel Arosa in D\u00fcsseldorf. We look forward to seeing you!\" \/>\n<meta property=\"og:url\" content=\"https:\/\/arosa-duesseldorf.de\/en\/booking\/\" \/>\n<meta property=\"og:site_name\" content=\"Hotel Arosa D\u00fcsseldorf\" \/>\n<meta property=\"article:publisher\" content=\"https:\/\/www.facebook.com\/hotelarosaduesseldorf\/\" \/>\n<meta property=\"article:modified_time\" content=\"2023-05-26T13:27:19+00:00\" \/>\n<meta property=\"og:image\" content=\"https:\/\/arosa-duesseldorf.de\/wp-content\/uploads\/2022\/05\/Hotel_Arosa_Duesseldorf_Aussen_Lage.jpg\" \/>\n\t<meta property=\"og:image:width\" content=\"1200\" \/>\n\t<meta property=\"og:image:height\" content=\"800\" \/>\n\t<meta property=\"og:image:type\" content=\"image\/jpeg\" \/>\n<meta name=\"twitter:card\" content=\"summary_large_image\" \/>\n<meta name=\"twitter:title\" content=\"Book your hotel room now | Hotel Arosa D\u00fcsseldorf\" \/>\n<meta name=\"twitter:description\" content=\"Book rooms online now easily &amp; securely at our centrally located Hotel Arosa in D\u00fcsseldorf. We look forward to seeing you!\" \/>\n<meta name=\"twitter:image\" content=\"https:\/\/arosa-duesseldorf.de\/wp-content\/uploads\/2022\/05\/Hotel_Arosa_Duesseldorf_Aussen_Lage.jpg\" \/>\n<meta name=\"twitter:label1\" content=\"Est. reading time\" \/>\n\t<meta name=\"twitter:data1\" content=\"2 minutes\" \/>\n<script type=\"application\/ld+json\" class=\"yoast-schema-graph\">{\"@context\":\"https:\\\/\\\/schema.org\",\"@graph\":[{\"@type\":\"WebPage\",\"@id\":\"https:\\\/\\\/arosa-duesseldorf.de\\\/en\\\/booking\\\/\",\"url\":\"https:\\\/\\\/arosa-duesseldorf.de\\\/en\\\/booking\\\/\",\"name\":\"Book your hotel room now | Hotel Arosa D\u00fcsseldorf\",\"isPartOf\":{\"@id\":\"\\\/#website\"},\"primaryImageOfPage\":{\"@id\":\"https:\\\/\\\/arosa-duesseldorf.de\\\/en\\\/booking\\\/#primaryimage\"},\"image\":{\"@id\":\"https:\\\/\\\/arosa-duesseldorf.de\\\/en\\\/booking\\\/#primaryimage\"},\"thumbnailUrl\":\"https:\\\/\\\/arosa-duesseldorf.de\\\/wp-content\\\/uploads\\\/2022\\\/05\\\/Hotel_Arosa_Duesseldorf_Aussen_Lage.jpg\",\"datePublished\":\"2022-02-17T08:27:51+00:00\",\"dateModified\":\"2023-05-26T13:27:19+00:00\",\"description\":\"Book rooms online now easily & securely at our centrally located Hotel Arosa in D\u00fcsseldorf. We look forward to seeing you!\",\"breadcrumb\":{\"@id\":\"https:\\\/\\\/arosa-duesseldorf.de\\\/en\\\/booking\\\/#breadcrumb\"},\"inLanguage\":\"en-US\",\"potentialAction\":[{\"@type\":\"ReadAction\",\"target\":[\"https:\\\/\\\/arosa-duesseldorf.de\\\/en\\\/booking\\\/\"]}]},{\"@type\":\"ImageObject\",\"inLanguage\":\"en-US\",\"@id\":\"https:\\\/\\\/arosa-duesseldorf.de\\\/en\\\/booking\\\/#primaryimage\",\"url\":\"https:\\\/\\\/arosa-duesseldorf.de\\\/wp-content\\\/uploads\\\/2022\\\/05\\\/Hotel_Arosa_Duesseldorf_Aussen_Lage.jpg\",\"contentUrl\":\"https:\\\/\\\/arosa-duesseldorf.de\\\/wp-content\\\/uploads\\\/2022\\\/05\\\/Hotel_Arosa_Duesseldorf_Aussen_Lage.jpg\",\"width\":1200,\"height\":800,\"caption\":\"\u00dcbernachten am Rhein in D\u00fcsseldorf Oberkassel | Hotel Arosa\"},{\"@type\":\"BreadcrumbList\",\"@id\":\"https:\\\/\\\/arosa-duesseldorf.de\\\/en\\\/booking\\\/#breadcrumb\",\"itemListElement\":[{\"@type\":\"ListItem\",\"position\":1,\"name\":\"Home\",\"item\":\"https:\\\/\\\/arosa-duesseldorf.de\\\/en\\\/\"},{\"@type\":\"ListItem\",\"position\":2,\"name\":\"Booking\"}]},{\"@type\":\"WebSite\",\"@id\":\"\\\/#website\",\"url\":\"\\\/\",\"name\":\"Hotel Arosa D\u00fcsseldorf\",\"description\":\"Inhabergef\u00fchrtes Hotel in D\u00fcsseldorf Oberkassel\",\"publisher\":{\"@id\":\"\\\/#organization\"},\"potentialAction\":[{\"@type\":\"SearchAction\",\"target\":{\"@type\":\"EntryPoint\",\"urlTemplate\":\"\\\/?s={search_term_string}\"},\"query-input\":{\"@type\":\"PropertyValueSpecification\",\"valueRequired\":true,\"valueName\":\"search_term_string\"}}],\"inLanguage\":\"en-US\"},{\"@type\":\"Organization\",\"@id\":\"\\\/#organization\",\"name\":\"Hotel Arosa D\u00fcsseldorf\",\"url\":\"\\\/\",\"logo\":{\"@type\":\"ImageObject\",\"inLanguage\":\"en-US\",\"@id\":\"\\\/#\\\/schema\\\/logo\\\/image\\\/\",\"url\":\"https:\\\/\\\/arosa-duesseldorf.de\\\/wp-content\\\/uploads\\\/2022\\\/04\\\/hotel-arosa-logo-rot-orange-transparent.png\",\"contentUrl\":\"https:\\\/\\\/arosa-duesseldorf.de\\\/wp-content\\\/uploads\\\/2022\\\/04\\\/hotel-arosa-logo-rot-orange-transparent.png\",\"width\":4500,\"height\":4500,\"caption\":\"Hotel Arosa D\u00fcsseldorf\"},\"image\":{\"@id\":\"\\\/#\\\/schema\\\/logo\\\/image\\\/\"},\"sameAs\":[\"https:\\\/\\\/www.facebook.com\\\/hotelarosaduesseldorf\\\/\",\"https:\\\/\\\/www.instagram.com\\\/hotel_arosa_duesseldorf\\\/\"]}]}<\/script>\n<!-- \/ Yoast SEO plugin. -->","yoast_head_json":{"title":"Book your hotel room now | Hotel Arosa D\u00fcsseldorf","description":"Book rooms online now easily & securely at our centrally located Hotel Arosa in D\u00fcsseldorf. We look forward to seeing you!","robots":{"index":"index","follow":"follow","max-snippet":"max-snippet:-1","max-image-preview":"max-image-preview:large","max-video-preview":"max-video-preview:-1"},"canonical":"https:\/\/arosa-duesseldorf.de\/en\/booking\/","og_locale":"en_US","og_type":"article","og_title":"Book your hotel room now | Hotel Arosa D\u00fcsseldorf","og_description":"Book rooms online now easily & securely at our centrally located Hotel Arosa in D\u00fcsseldorf. We look forward to seeing you!","og_url":"https:\/\/arosa-duesseldorf.de\/en\/booking\/","og_site_name":"Hotel Arosa D\u00fcsseldorf","article_publisher":"https:\/\/www.facebook.com\/hotelarosaduesseldorf\/","article_modified_time":"2023-05-26T13:27:19+00:00","og_image":[{"width":1200,"height":800,"url":"https:\/\/arosa-duesseldorf.de\/wp-content\/uploads\/2022\/05\/Hotel_Arosa_Duesseldorf_Aussen_Lage.jpg","type":"image\/jpeg"}],"twitter_card":"summary_large_image","twitter_title":"Book your hotel room now | Hotel Arosa D\u00fcsseldorf","twitter_description":"Book rooms online now easily & securely at our centrally located Hotel Arosa in D\u00fcsseldorf. We look forward to seeing you!","twitter_image":"https:\/\/arosa-duesseldorf.de\/wp-content\/uploads\/2022\/05\/Hotel_Arosa_Duesseldorf_Aussen_Lage.jpg","twitter_misc":{"Est. reading time":"2 minutes"},"schema":{"@context":"https:\/\/schema.org","@graph":[{"@type":"WebPage","@id":"https:\/\/arosa-duesseldorf.de\/en\/booking\/","url":"https:\/\/arosa-duesseldorf.de\/en\/booking\/","name":"Book your hotel room now | Hotel Arosa D\u00fcsseldorf","isPartOf":{"@id":"\/#website"},"primaryImageOfPage":{"@id":"https:\/\/arosa-duesseldorf.de\/en\/booking\/#primaryimage"},"image":{"@id":"https:\/\/arosa-duesseldorf.de\/en\/booking\/#primaryimage"},"thumbnailUrl":"https:\/\/arosa-duesseldorf.de\/wp-content\/uploads\/2022\/05\/Hotel_Arosa_Duesseldorf_Aussen_Lage.jpg","datePublished":"2022-02-17T08:27:51+00:00","dateModified":"2023-05-26T13:27:19+00:00","description":"Book rooms online now easily & securely at our centrally located Hotel Arosa in D\u00fcsseldorf. We look forward to seeing you!","breadcrumb":{"@id":"https:\/\/arosa-duesseldorf.de\/en\/booking\/#breadcrumb"},"inLanguage":"en-US","potentialAction":[{"@type":"ReadAction","target":["https:\/\/arosa-duesseldorf.de\/en\/booking\/"]}]},{"@type":"ImageObject","inLanguage":"en-US","@id":"https:\/\/arosa-duesseldorf.de\/en\/booking\/#primaryimage","url":"https:\/\/arosa-duesseldorf.de\/wp-content\/uploads\/2022\/05\/Hotel_Arosa_Duesseldorf_Aussen_Lage.jpg","contentUrl":"https:\/\/arosa-duesseldorf.de\/wp-content\/uploads\/2022\/05\/Hotel_Arosa_Duesseldorf_Aussen_Lage.jpg","width":1200,"height":800,"caption":"\u00dcbernachten am Rhein in D\u00fcsseldorf Oberkassel | Hotel Arosa"},{"@type":"BreadcrumbList","@id":"https:\/\/arosa-duesseldorf.de\/en\/booking\/#breadcrumb","itemListElement":[{"@type":"ListItem","position":1,"name":"Home","item":"https:\/\/arosa-duesseldorf.de\/en\/"},{"@type":"ListItem","position":2,"name":"Booking"}]},{"@type":"WebSite","@id":"\/#website","url":"\/","name":"Hotel Arosa D\u00fcsseldorf","description":"Inhabergef\u00fchrtes Hotel in D\u00fcsseldorf Oberkassel","publisher":{"@id":"\/#organization"},"potentialAction":[{"@type":"SearchAction","target":{"@type":"EntryPoint","urlTemplate":"\/?s={search_term_string}"},"query-input":{"@type":"PropertyValueSpecification","valueRequired":true,"valueName":"search_term_string"}}],"inLanguage":"en-US"},{"@type":"Organization","@id":"\/#organization","name":"Hotel Arosa D\u00fcsseldorf","url":"\/","logo":{"@type":"ImageObject","inLanguage":"en-US","@id":"\/#\/schema\/logo\/image\/","url":"https:\/\/arosa-duesseldorf.de\/wp-content\/uploads\/2022\/04\/hotel-arosa-logo-rot-orange-transparent.png","contentUrl":"https:\/\/arosa-duesseldorf.de\/wp-content\/uploads\/2022\/04\/hotel-arosa-logo-rot-orange-transparent.png","width":4500,"height":4500,"caption":"Hotel Arosa D\u00fcsseldorf"},"image":{"@id":"\/#\/schema\/logo\/image\/"},"sameAs":["https:\/\/www.facebook.com\/hotelarosaduesseldorf\/","https:\/\/www.instagram.com\/hotel_arosa_duesseldorf\/"]}]}},"_links":{"self":[{"href":"https:\/\/arosa-duesseldorf.de\/en\/wp-json\/wp\/v2\/pages\/11587","targetHints":{"allow":["GET"]}}],"collection":[{"href":"https:\/\/arosa-duesseldorf.de\/en\/wp-json\/wp\/v2\/pages"}],"about":[{"href":"https:\/\/arosa-duesseldorf.de\/en\/wp-json\/wp\/v2\/types\/page"}],"author":[{"embeddable":true,"href":"https:\/\/arosa-duesseldorf.de\/en\/wp-json\/wp\/v2\/users\/4"}],"replies":[{"embeddable":true,"href":"https:\/\/arosa-duesseldorf.de\/en\/wp-json\/wp\/v2\/comments?post=11587"}],"version-history":[{"count":7,"href":"https:\/\/arosa-duesseldorf.de\/en\/wp-json\/wp\/v2\/pages\/11587\/revisions"}],"predecessor-version":[{"id":11872,"href":"https:\/\/arosa-duesseldorf.de\/en\/wp-json\/wp\/v2\/pages\/11587\/revisions\/11872"}],"wp:featuredmedia":[{"embeddable":true,"href":"https:\/\/arosa-duesseldorf.de\/en\/wp-json\/wp\/v2\/media\/11511"}],"wp:attachment":[{"href":"https:\/\/arosa-duesseldorf.de\/en\/wp-json\/wp\/v2\/media?parent=11587"}],"curies":[{"name":"wp","href":"https:\/\/api.w.org\/{rel}","templated":true}]}}