{"id":11589,"date":"2021-09-17T13:48:46","date_gmt":"2021-09-17T11:48:46","guid":{"rendered":"http:\/\/arosa-duesseldorf.de.w01ccf7c.kasserver.com\/datenschutz\/"},"modified":"2023-05-26T13:19:51","modified_gmt":"2023-05-26T13:19:51","slug":"privacy-policy","status":"publish","type":"page","link":"https:\/\/arosa-duesseldorf.de\/en\/privacy-policy\/","title":{"rendered":"Privacy policy"},"content":{"rendered":"<div id='av_section_1'  class='avia-section av-6al4p1-a43b03066b6636c7d21233466c9a3b20 main_color avia-section-default avia-no-border-styling  avia-builder-el-0  avia-builder-el-no-sibling  avia-bg-style-scroll  container_wrap fullsize'  ><div class='container av-section-cont-open' ><main  role=\"main\" itemprop=\"mainContentOfPage\"  class='template-page content  av-content-full alpha units'><div class='post-entry post-entry-type-page post-entry-11589'><div class='entry-content-wrapper clearfix'>\n\n<style type=\"text\/css\" id=\"style-css-av-kufbu0a8-f380ed24d8c9799709ee61a5e0830d8c\">\n#top .hr.hr-invisible.av-kufbu0a8-f380ed24d8c9799709ee61a5e0830d8c{\nheight:50px;\n}\n<\/style>\n<div  class='hr av-kufbu0a8-f380ed24d8c9799709ee61a5e0830d8c hr-invisible  avia-builder-el-1  el_before_av_heading  avia-builder-el-first   av-desktop-hide av-medium-hide'><span class='hr-inner '><span class=\"hr-inner-style\"><\/span><\/span><\/div>\n\n<style type=\"text\/css\" id=\"style-css-av-4qz12t-e777d4660cd419f7222d3fb636903782\">\n#top .av-special-heading.av-4qz12t-e777d4660cd419f7222d3fb636903782{\npadding-bottom:10px;\n}\n<\/style>\n<div  class='av-special-heading av-4qz12t-e777d4660cd419f7222d3fb636903782 av-special-heading-h1 blockquote modern-quote  avia-builder-el-2  el_after_av_hr  el_before_av_textblock  '><h1 class='av-special-heading-tag '  itemprop=\"headline\"  >Privacy policy<\/h1><div class='special-heading-border'><div class='special-heading-inner-border'><\/div><\/div><\/div>\n<section class=\"av_textblock_section \"  itemscope=\"itemscope\" itemtype=\"https:\/\/schema.org\/CreativeWork\" ><div class='avia_textblock  '   itemprop=\"text\" ><p><strong>As a service for guests on our website we present basic information in English. The privacy policy listed in German below is legally binding.<\/strong><\/p>\n<p><strong>Cookies<\/strong><br \/>\nDie Webseite verwendet keine dauerhaften Cookies (Textdateien, die auf Ihrem Computer gespeichert werden) Tempor\u00e4re Cookies, die nur der reibungslosen technischen Nutzung der Webseite (werden auf dem Server des Webseitenanbieters zwischengespeichert) dienen, werden nach Verlassen der Webseite automatisch gel\u00f6scht<\/p>\n<p><strong>Formulardaten<\/strong><br \/>\nSofern Sie uns \u00fcber unsere Kontakt\/Buchungsformulare eMails schicken, werden Ihre Daten vertraulich behandelt und nur zum Zwecke des Gesch\u00e4ftsvorgangs gespeichert. Die L\u00f6schung kann jederzeit verlangt werden. Kontakt siehe oben.<\/p>\n<p><strong>Erhebung von Daten<\/strong><br \/>\nIn unserem Internet-Angebot besteht durch die Benutzung eines der Kontaktformulare die M\u00f6glichkeit zur Eingabe pers\u00f6nlicher oder gesch\u00e4ftlicher Daten. Beim Absenden Ihrer Daten werden diese verschl\u00fcsselt an uns \u00fcbertragen, ein l\u00fcckenloser Schutz kann aber prinzipiell auch bei gr\u00f6\u00dfter Sorgfalt nicht gew\u00e4hrleistet werden. Diese Daten werden von uns zum Zweck der Kontaktaufnahme gespeichert. Eine Weiterleitung Ihrer Daten an Dritte ohne Ihre Einwilligung erfolgt durch uns selbstverst\u00e4ndlich nicht. Dies gilt auch, wenn Sie sich direkt per E-Mail an uns wenden.<\/p>\n<p><strong>Online-Buchung<\/strong><br \/>\nUm Ihnen eine Zimmerbuchung \u00fcber unsere Homepage zu erm\u00f6glichen, ist in unserer Webseite ein Online Buchungssystem, die Viato CBE, integriert. Anbieter dieses Systems ist die Viato GmbH. Die von Ihnen get\u00e4tigten Angaben werden ausschlie\u00dflich zur Erbringung unserer vertraglichen Leistungen verarbeitet und selbstverst\u00e4ndlich vertraulich behandelt.<\/p>\n<p><strong>Soziale Medien<\/strong><br \/>\nF\u00fcr Plugins mit Tracking Codes(Like-Button, &#8230;) steht unseren Kunden eine vom Gast aktivierbare Plugin-Bar zur Verf\u00fcgung.<br \/>\nAuf dieser Seite<br \/>\nFacebook -Plugins: in Nutzung<br \/>\nGoogle+1 -Plugins: nicht in Nutzung<br \/>\nXing -Plugins: nicht in Nutzung<br \/>\nGoogle Adsence: nicht in Nutzung<\/p>\n<p><strong>Statistische Auswertung<\/strong><br \/>\nContent-housing speichert Besuchsdaten nur ohne personalisierbaren Bezug.<br \/>\nAuf dieser Seite<br \/>\nGoogle Analytics: nicht in Nutzung.<br \/>\nGoogle Maps: nur extern verlinkt.<\/p>\n<p><strong>Social Plugins<\/strong><br \/>\nWebseitenbesucher, die eine Verbindung zu den eventuell dargestellten und verwendeten Plugins vermeiden m\u00f6chten, k\u00f6nnen datenschutzf\u00f6rdernde Browser-Plugins installieren, wie beispielsweise Ghostery (<a href=\"https:\/\/www.ghostery.com\/\">https:\/\/www.ghostery.com\/<\/a>), NoScript (<a href=\"https:\/\/noscript.net\/\">https:\/\/noscript.net\/<\/a>) or DoNotTrackMe (<a href=\"https:\/\/www.abine.com\/index.html\">https:\/\/www.abine.com\/index.html<\/a>) etc.<\/p>\n<p><strong>1. Facebook<\/strong><br \/>\nFacebook ist ein soziales Netzwerk der Facebook Ireland Limited, Hanover Reach, 5-7 Hanover Quay, Dublin 2 Ireland (nachfolgend \u201eFacebook\u201c). In unseren Onlinediensten haben wir unterschiedliche Facebook-Plugins eingebunden (z.B. Like, Teilen). Diese sind mit dem Facebook-Logo gekennzeichnet. Abh\u00e4ngig von der Art der Funktion k\u00f6nnen weitere Angaben hinzukommen (z.B. Like, Empfehlen). Die einzelnen Eintr\u00e4ge sowie die Applikation selber k\u00f6nnen Sie jederzeit auf Facebook wieder entfernen. Eine \u00dcbersicht der Facebook-PlugIns finden Sie hier <a href=\"http:\/\/developers.facebook.com\/docs\/plugins\/\">http:\/\/developers.facebook.com\/docs\/plugins\/<\/a>.<\/p>\n<p>Wenn Sie einen Onlinedienst aufrufen, der einen Facebook-Button enth\u00e4lt, wird von Ihrem Browser bzw. der App eine direkte Verbindung mit den Facebook-Servern aufgebaut und der Button zur jeweiligen Funktion von dort geladen. Dabei wird die Information an Facebook \u00fcbermittelt, dass Ihr Browser die entsprechende Seite unserer Onlinedienste besucht hat, auch wenn Sie kein Facebook-Profil besitzen oder nicht bei Facebook eingeloggt sind. Diese Information (einschlie\u00dflich Ihrer IP-Adresse) wird von Ihrem Browser direkt an einen Server von Facebook in die USA \u00fcbermittelt und dort gespeichert.<\/p>\n<p>Sind Sie gleichzeitig bei Facebook eingeloggt, ist au\u00dferdem die Zuordnung des Seitenabrufs zu Ihrem Facebook-Profil m\u00f6glich. Klicken Sie eingebundene Facebook-Buttons an und loggen sich danach bei Facebook ein (oder sind es bereits), wird diese Information direkt an einen Server von Facebook \u00fcbermittelt und dort gespeichert. Die entsprechende Information wird auf Ihrem Facebook-Profil und Ihrer Chronik\/Timeline in Kurzform ver\u00f6ffentlicht. Facebook kann so gegebenenfalls weitere Nutzungsdaten erheben und speichern.<\/p>\n<p>Wenn Sie diese \u00dcbermittlung und Speicherung Ihrer Daten und Ihres Verhaltens auf unseren Onlinediensten durch Facebook unterbinden m\u00f6chten, m\u00fcssen Sie sich bei Facebook ausloggen, bevor Sie unsere Seite besuchen und ggf. von Facebook platzierte Cookies l\u00f6schen. Sie k\u00f6nnen das Laden der Facebook-Plugins auch mit Add-ons f\u00fcr Ihren Browser verhindern, z.B. mit dem online verf\u00fcgbaren \u201eFacebook Blocker\u201c.<\/p>\n<p>Welche Daten Facebook im Einzelnen zu eigenen Zwecken erhebt und nutzt, erfahren Sie in der Datenschutzerkl\u00e4rung von Facebook (abrufbar unter: <a href=\"https:\/\/www.facebook.com\/policy.php\">https:\/\/www.facebook.com\/policy.php<\/a>); dort erhalten Sie auch Informationen zu Ihren diesbez\u00fcglichen Rechten sowie zu den Einstellungsm\u00f6glichkeiten zum Schutz Ihrer Privatsph\u00e4re. Information von Facebook zu Social Plug-ins erhalten Sie hier <a href=\"http:\/\/www.facebook.com\/about\/privacy\/\">http:\/\/www.facebook.com\/about\/privacy\/<\/a> und <a href=\"https:\/\/www.facebook.com\/help\/443483272359009#!\/help\/340599879348142\/\">https:\/\/www.facebook.com\/help\/443483272359009#!\/help\/340599879348142\/<\/a>.<\/p>\n<p><strong>2. YouTube<\/strong><br \/>\nYouTube ist ein Videoportal der YouTube, LLC, 901 Cherry Ave, San Bruno, CA 94066, USA (nachfolgend \u201eYouTube\u201c). In unseren Onlinediensten haben wir mindestens ein Plugin von YouTube eingebunden.<\/p>\n<p>Wenn Sie einen Onlinedienst aufrufen, der einen YouTube-Plugin beinhaltet, wird von Ihrem Browser eine direkte Verbindung mit den YouTube-Servern aufgebaut. Dabei wird die Information an YouTube \u00fcbermittelt, dass Ihr Browser die entsprechende Seite unserer Onlinedienste besucht hat, auch wenn Sie keinen YouTube-Account besitzen oder nicht in Ihrem Account eingeloggt sind. Diese Information wird von Ihrem Browser direkt an einen Server von YouTube in die USA \u00fcbermittelt und dort gespeichert.<\/p>\n<p>Sind Sie gleichzeitig in Ihren YouTube-Account eingeloggt, ist au\u00dferdem die Zuordnung des Seitenabrufs zu Ihrem YouTube-Account m\u00f6glich und Sie w\u00fcrden es YouTube erm\u00f6glichen, Ihr Surfverhalten direkt Ihrem pers\u00f6nlichen Profil zuzuordnen.<\/p>\n<p>Wenn Sie diese \u00dcbermittlung und Speicherung Ihrer Daten und Ihres Verhaltens auf unseren Onlinediensten durch YouTube unterbinden m\u00f6chten, m\u00fcssen Sie sich bei YouTube ausloggen, bevor Sie unsere Seite besuchen und ggf. von YouTube platzierte Cookies l\u00f6schen.<\/p>\n<p>Weitere Informationen zur Erhebung und Nutzung Ihrer Daten durch YouTube erhalten Sie in den dortigen Hinweisen zum Datenschutz unter <a href=\"https:\/\/www.YouTube.com\/static?template=privacy_guidelines\">https:\/\/www.YouTube.com\/static?template=privacy_guidelines<\/a> sowie in der Datenschutzerkl\u00e4rung von Google unter <a href=\"https:\/\/www.google.com\/policies\/privacy\/\">https:\/\/www.google.com\/policies\/privacy\/<\/a>.<\/p>\n<p>Auskunft und Ansprechpartner Sie k\u00f6nnen von uns jederzeit unentgeltlich Auskunft \u00fcber Ihre gespeicherten personenbezogenen Daten, \u00fcber deren Herkunft und den Zweck deren Speicherung verlangen. Dar\u00fcberhinaus k\u00f6nnen Sie die Berichtigung, Sperrung oder L\u00f6schung dieser Daten verlangen.<\/p>\n<p>Falls Sie noch Fragen zum Datenschutz im Zusammenhang mit diesem Internet-Angebot haben, k\u00f6nnen Sie sich jederzeit an die oben genannte Adresse wenden.<\/p>\n<p><strong>Werbeanzeigen fremder Anbieter<\/strong><br \/>\nAuf dieser Seite<br \/>\nAuskunftsrecht<br \/>\nSie haben jederzeit das Recht auf Auskunft, der \u00fcber Sie gespeicherten Daten und deren Verwendung, zu verlangen. Kontakt siehe oben.<\/p>\n<p><strong>Schlusswort der Content-housing Programmierer<\/strong><br \/>\nWir lehnen das unn\u00f6tige Sammeln von Daten ab. Und das von Anbeginn unserer Programmiert\u00e4tigkeit. Wir wissen aber auch, dass die Daten\u00fcbertragung im Internet immer Sicherheitsl\u00fccken aufweisen wird. Geben Sie nicht zu viel von sich Preis. Das Internet ist nicht anonym und vergisst nichts.<\/p>\n<\/div><\/section>\n\n","protected":false},"excerpt":{"rendered":"","protected":false},"author":4,"featured_media":11486,"parent":0,"menu_order":0,"comment_status":"closed","ping_status":"closed","template":"","meta":{"footnotes":""},"class_list":["post-11589","page","type-page","status-publish","has-post-thumbnail","hentry"],"yoast_head":"<!-- This site is optimized with the Yoast SEO plugin v27.5 - https:\/\/yoast.com\/product\/yoast-seo-wordpress\/ -->\n<title>Privacy policy | Hotel Arosa D\u00fcsseldorf Oberkassel<\/title>\n<meta name=\"description\" content=\"Arosa Hotel in D\u00fcsseldorf \u2665\ufe0e Delicious breakfast \u2665\ufe0e Free wifi \u2665\ufe0e Online check-in &amp; check-out \u2665\ufe0e Book &amp; save now\" \/>\n<meta name=\"robots\" content=\"index, follow, max-snippet:-1, max-image-preview:large, max-video-preview:-1\" \/>\n<link rel=\"canonical\" href=\"https:\/\/arosa-duesseldorf.de\/en\/privacy-policy\/\" \/>\n<meta property=\"og:locale\" content=\"en_US\" \/>\n<meta property=\"og:type\" content=\"article\" \/>\n<meta property=\"og:title\" content=\"Privacy policy | Hotel Arosa D\u00fcsseldorf Oberkassel\" \/>\n<meta property=\"og:description\" content=\"Arosa Hotel in D\u00fcsseldorf \u2665\ufe0e Delicious breakfast \u2665\ufe0e Free wifi \u2665\ufe0e Online check-in &amp; check-out \u2665\ufe0e Book &amp; save now\" \/>\n<meta property=\"og:url\" content=\"https:\/\/arosa-duesseldorf.de\/en\/privacy-policy\/\" \/>\n<meta property=\"og:site_name\" content=\"Hotel Arosa D\u00fcsseldorf\" \/>\n<meta property=\"article:publisher\" content=\"https:\/\/www.facebook.com\/hotelarosaduesseldorf\/\" \/>\n<meta property=\"article:modified_time\" content=\"2023-05-26T13:19:51+00:00\" \/>\n<meta property=\"og:image\" content=\"https:\/\/arosa-duesseldorf.de\/wp-content\/uploads\/2022\/05\/Hotel_Arosa_Duesseldorf_Aussen_Lage_2.jpg\" \/>\n\t<meta property=\"og:image:width\" content=\"1200\" \/>\n\t<meta property=\"og:image:height\" content=\"800\" \/>\n\t<meta property=\"og:image:type\" content=\"image\/jpeg\" \/>\n<meta name=\"twitter:card\" content=\"summary_large_image\" \/>\n<meta name=\"twitter:title\" content=\"Privacy policy | Hotel Arosa D\u00fcsseldorf Oberkassel\" \/>\n<meta name=\"twitter:description\" content=\"Arosa Hotel in D\u00fcsseldorf \u2665\ufe0e Delicious breakfast \u2665\ufe0e Free wifi \u2665\ufe0e Online check-in &amp; check-out \u2665\ufe0e Book &amp; save now\" \/>\n<meta name=\"twitter:image\" content=\"https:\/\/arosa-duesseldorf.de\/wp-content\/uploads\/2022\/05\/Hotel_Arosa_Duesseldorf_Aussen_Lage_2.jpg\" \/>\n<meta name=\"twitter:label1\" content=\"Est. reading time\" \/>\n\t<meta name=\"twitter:data1\" content=\"7 minutes\" \/>\n<script type=\"application\/ld+json\" class=\"yoast-schema-graph\">{\"@context\":\"https:\\\/\\\/schema.org\",\"@graph\":[{\"@type\":\"WebPage\",\"@id\":\"https:\\\/\\\/arosa-duesseldorf.de\\\/en\\\/privacy-policy\\\/\",\"url\":\"https:\\\/\\\/arosa-duesseldorf.de\\\/en\\\/privacy-policy\\\/\",\"name\":\"Privacy policy | Hotel Arosa D\u00fcsseldorf Oberkassel\",\"isPartOf\":{\"@id\":\"\\\/#website\"},\"primaryImageOfPage\":{\"@id\":\"https:\\\/\\\/arosa-duesseldorf.de\\\/en\\\/privacy-policy\\\/#primaryimage\"},\"image\":{\"@id\":\"https:\\\/\\\/arosa-duesseldorf.de\\\/en\\\/privacy-policy\\\/#primaryimage\"},\"thumbnailUrl\":\"https:\\\/\\\/arosa-duesseldorf.de\\\/wp-content\\\/uploads\\\/2022\\\/05\\\/Hotel_Arosa_Duesseldorf_Aussen_Lage_2.jpg\",\"datePublished\":\"2021-09-17T11:48:46+00:00\",\"dateModified\":\"2023-05-26T13:19:51+00:00\",\"description\":\"Arosa Hotel in D\u00fcsseldorf \u2665\ufe0e Delicious breakfast \u2665\ufe0e Free wifi \u2665\ufe0e Online check-in & check-out \u2665\ufe0e Book & save now\",\"breadcrumb\":{\"@id\":\"https:\\\/\\\/arosa-duesseldorf.de\\\/en\\\/privacy-policy\\\/#breadcrumb\"},\"inLanguage\":\"en-US\",\"potentialAction\":[{\"@type\":\"ReadAction\",\"target\":[\"https:\\\/\\\/arosa-duesseldorf.de\\\/en\\\/privacy-policy\\\/\"]}]},{\"@type\":\"ImageObject\",\"inLanguage\":\"en-US\",\"@id\":\"https:\\\/\\\/arosa-duesseldorf.de\\\/en\\\/privacy-policy\\\/#primaryimage\",\"url\":\"https:\\\/\\\/arosa-duesseldorf.de\\\/wp-content\\\/uploads\\\/2022\\\/05\\\/Hotel_Arosa_Duesseldorf_Aussen_Lage_2.jpg\",\"contentUrl\":\"https:\\\/\\\/arosa-duesseldorf.de\\\/wp-content\\\/uploads\\\/2022\\\/05\\\/Hotel_Arosa_Duesseldorf_Aussen_Lage_2.jpg\",\"width\":1200,\"height\":800,\"caption\":\"Hotelzimmer f\u00fcr Gesch\u00e4ftsreisen in D\u00fcsseldorf Oberkassel | Hotel Arosa\"},{\"@type\":\"BreadcrumbList\",\"@id\":\"https:\\\/\\\/arosa-duesseldorf.de\\\/en\\\/privacy-policy\\\/#breadcrumb\",\"itemListElement\":[{\"@type\":\"ListItem\",\"position\":1,\"name\":\"Home\",\"item\":\"http:\\\/\\\/arosa-duesseldorf.de\\\/en\\\/\"},{\"@type\":\"ListItem\",\"position\":2,\"name\":\"Privacy policy\"}]},{\"@type\":\"WebSite\",\"@id\":\"\\\/#website\",\"url\":\"\\\/\",\"name\":\"Hotel Arosa D\u00fcsseldorf\",\"description\":\"Inhabergef\u00fchrtes Hotel in D\u00fcsseldorf Oberkassel\",\"publisher\":{\"@id\":\"\\\/#organization\"},\"potentialAction\":[{\"@type\":\"SearchAction\",\"target\":{\"@type\":\"EntryPoint\",\"urlTemplate\":\"\\\/?s={search_term_string}\"},\"query-input\":{\"@type\":\"PropertyValueSpecification\",\"valueRequired\":true,\"valueName\":\"search_term_string\"}}],\"inLanguage\":\"en-US\"},{\"@type\":\"Organization\",\"@id\":\"\\\/#organization\",\"name\":\"Hotel Arosa D\u00fcsseldorf\",\"url\":\"\\\/\",\"logo\":{\"@type\":\"ImageObject\",\"inLanguage\":\"en-US\",\"@id\":\"\\\/#\\\/schema\\\/logo\\\/image\\\/\",\"url\":\"https:\\\/\\\/arosa-duesseldorf.de\\\/wp-content\\\/uploads\\\/2022\\\/04\\\/hotel-arosa-logo-rot-orange-transparent.png\",\"contentUrl\":\"https:\\\/\\\/arosa-duesseldorf.de\\\/wp-content\\\/uploads\\\/2022\\\/04\\\/hotel-arosa-logo-rot-orange-transparent.png\",\"width\":4500,\"height\":4500,\"caption\":\"Hotel Arosa D\u00fcsseldorf\"},\"image\":{\"@id\":\"\\\/#\\\/schema\\\/logo\\\/image\\\/\"},\"sameAs\":[\"https:\\\/\\\/www.facebook.com\\\/hotelarosaduesseldorf\\\/\",\"https:\\\/\\\/www.instagram.com\\\/hotel_arosa_duesseldorf\\\/\"]}]}<\/script>\n<!-- \/ Yoast SEO plugin. -->","yoast_head_json":{"title":"Privacy policy | Hotel Arosa D\u00fcsseldorf Oberkassel","description":"Arosa Hotel in D\u00fcsseldorf \u2665\ufe0e Delicious breakfast \u2665\ufe0e Free wifi \u2665\ufe0e Online check-in & check-out \u2665\ufe0e Book & save now","robots":{"index":"index","follow":"follow","max-snippet":"max-snippet:-1","max-image-preview":"max-image-preview:large","max-video-preview":"max-video-preview:-1"},"canonical":"https:\/\/arosa-duesseldorf.de\/en\/privacy-policy\/","og_locale":"en_US","og_type":"article","og_title":"Privacy policy | Hotel Arosa D\u00fcsseldorf Oberkassel","og_description":"Arosa Hotel in D\u00fcsseldorf \u2665\ufe0e Delicious breakfast \u2665\ufe0e Free wifi \u2665\ufe0e Online check-in & check-out \u2665\ufe0e Book & save now","og_url":"https:\/\/arosa-duesseldorf.de\/en\/privacy-policy\/","og_site_name":"Hotel Arosa D\u00fcsseldorf","article_publisher":"https:\/\/www.facebook.com\/hotelarosaduesseldorf\/","article_modified_time":"2023-05-26T13:19:51+00:00","og_image":[{"width":1200,"height":800,"url":"https:\/\/arosa-duesseldorf.de\/wp-content\/uploads\/2022\/05\/Hotel_Arosa_Duesseldorf_Aussen_Lage_2.jpg","type":"image\/jpeg"}],"twitter_card":"summary_large_image","twitter_title":"Privacy policy | Hotel Arosa D\u00fcsseldorf Oberkassel","twitter_description":"Arosa Hotel in D\u00fcsseldorf \u2665\ufe0e Delicious breakfast \u2665\ufe0e Free wifi \u2665\ufe0e Online check-in & check-out \u2665\ufe0e Book & save now","twitter_image":"https:\/\/arosa-duesseldorf.de\/wp-content\/uploads\/2022\/05\/Hotel_Arosa_Duesseldorf_Aussen_Lage_2.jpg","twitter_misc":{"Est. reading time":"7 minutes"},"schema":{"@context":"https:\/\/schema.org","@graph":[{"@type":"WebPage","@id":"https:\/\/arosa-duesseldorf.de\/en\/privacy-policy\/","url":"https:\/\/arosa-duesseldorf.de\/en\/privacy-policy\/","name":"Privacy policy | Hotel Arosa D\u00fcsseldorf Oberkassel","isPartOf":{"@id":"\/#website"},"primaryImageOfPage":{"@id":"https:\/\/arosa-duesseldorf.de\/en\/privacy-policy\/#primaryimage"},"image":{"@id":"https:\/\/arosa-duesseldorf.de\/en\/privacy-policy\/#primaryimage"},"thumbnailUrl":"https:\/\/arosa-duesseldorf.de\/wp-content\/uploads\/2022\/05\/Hotel_Arosa_Duesseldorf_Aussen_Lage_2.jpg","datePublished":"2021-09-17T11:48:46+00:00","dateModified":"2023-05-26T13:19:51+00:00","description":"Arosa Hotel in D\u00fcsseldorf \u2665\ufe0e Delicious breakfast \u2665\ufe0e Free wifi \u2665\ufe0e Online check-in & check-out \u2665\ufe0e Book & save now","breadcrumb":{"@id":"https:\/\/arosa-duesseldorf.de\/en\/privacy-policy\/#breadcrumb"},"inLanguage":"en-US","potentialAction":[{"@type":"ReadAction","target":["https:\/\/arosa-duesseldorf.de\/en\/privacy-policy\/"]}]},{"@type":"ImageObject","inLanguage":"en-US","@id":"https:\/\/arosa-duesseldorf.de\/en\/privacy-policy\/#primaryimage","url":"https:\/\/arosa-duesseldorf.de\/wp-content\/uploads\/2022\/05\/Hotel_Arosa_Duesseldorf_Aussen_Lage_2.jpg","contentUrl":"https:\/\/arosa-duesseldorf.de\/wp-content\/uploads\/2022\/05\/Hotel_Arosa_Duesseldorf_Aussen_Lage_2.jpg","width":1200,"height":800,"caption":"Hotelzimmer f\u00fcr Gesch\u00e4ftsreisen in D\u00fcsseldorf Oberkassel | Hotel Arosa"},{"@type":"BreadcrumbList","@id":"https:\/\/arosa-duesseldorf.de\/en\/privacy-policy\/#breadcrumb","itemListElement":[{"@type":"ListItem","position":1,"name":"Home","item":"http:\/\/arosa-duesseldorf.de\/en\/"},{"@type":"ListItem","position":2,"name":"Privacy policy"}]},{"@type":"WebSite","@id":"\/#website","url":"\/","name":"Hotel Arosa D\u00fcsseldorf","description":"Inhabergef\u00fchrtes Hotel in D\u00fcsseldorf Oberkassel","publisher":{"@id":"\/#organization"},"potentialAction":[{"@type":"SearchAction","target":{"@type":"EntryPoint","urlTemplate":"\/?s={search_term_string}"},"query-input":{"@type":"PropertyValueSpecification","valueRequired":true,"valueName":"search_term_string"}}],"inLanguage":"en-US"},{"@type":"Organization","@id":"\/#organization","name":"Hotel Arosa D\u00fcsseldorf","url":"\/","logo":{"@type":"ImageObject","inLanguage":"en-US","@id":"\/#\/schema\/logo\/image\/","url":"https:\/\/arosa-duesseldorf.de\/wp-content\/uploads\/2022\/04\/hotel-arosa-logo-rot-orange-transparent.png","contentUrl":"https:\/\/arosa-duesseldorf.de\/wp-content\/uploads\/2022\/04\/hotel-arosa-logo-rot-orange-transparent.png","width":4500,"height":4500,"caption":"Hotel Arosa D\u00fcsseldorf"},"image":{"@id":"\/#\/schema\/logo\/image\/"},"sameAs":["https:\/\/www.facebook.com\/hotelarosaduesseldorf\/","https:\/\/www.instagram.com\/hotel_arosa_duesseldorf\/"]}]}},"_links":{"self":[{"href":"https:\/\/arosa-duesseldorf.de\/en\/wp-json\/wp\/v2\/pages\/11589","targetHints":{"allow":["GET"]}}],"collection":[{"href":"https:\/\/arosa-duesseldorf.de\/en\/wp-json\/wp\/v2\/pages"}],"about":[{"href":"https:\/\/arosa-duesseldorf.de\/en\/wp-json\/wp\/v2\/types\/page"}],"author":[{"embeddable":true,"href":"https:\/\/arosa-duesseldorf.de\/en\/wp-json\/wp\/v2\/users\/4"}],"replies":[{"embeddable":true,"href":"https:\/\/arosa-duesseldorf.de\/en\/wp-json\/wp\/v2\/comments?post=11589"}],"version-history":[{"count":3,"href":"https:\/\/arosa-duesseldorf.de\/en\/wp-json\/wp\/v2\/pages\/11589\/revisions"}],"predecessor-version":[{"id":11709,"href":"https:\/\/arosa-duesseldorf.de\/en\/wp-json\/wp\/v2\/pages\/11589\/revisions\/11709"}],"wp:featuredmedia":[{"embeddable":true,"href":"https:\/\/arosa-duesseldorf.de\/en\/wp-json\/wp\/v2\/media\/11486"}],"wp:attachment":[{"href":"https:\/\/arosa-duesseldorf.de\/en\/wp-json\/wp\/v2\/media?parent=11589"}],"curies":[{"name":"wp","href":"https:\/\/api.w.org\/{rel}","templated":true}]}}